{"id":4209,"date":"2020-07-18T13:32:11","date_gmt":"2020-07-18T11:32:11","guid":{"rendered":"https:\/\/tecnocentres.org\/?page_id=4209"},"modified":"2023-02-05T20:11:29","modified_gmt":"2023-02-05T18:11:29","slug":"webinars-y-podcasts","status":"publish","type":"page","link":"https:\/\/tecnocentres.org\/es\/webinars-y-podcasts\/","title":{"rendered":"Webinars y podcasts"},"content":{"rendered":"<p>A continuaci\u00f3n se pueden encontrar enlaces a seminarios on line, charlas y podcasts donde he participado. Por si algui\u00e9n quiere recuperarlos:<\/p>\n<ul>\n<li>Febrero 2023: <a href=\"https:\/\/www.youtube.com\/watch?v=6dm2xY-zfW4&amp;t=11090s\" target=\"_blank\" rel=\"noopener\">Di\u00e0leg dins el 1r festival per l&#8217;equitat digital &#8211; Plataformitzaci\u00f3 educativa: les solucions digitals ja formen part del dia a dia escolar<\/a> (Catal\u00e1n)<\/li>\n<li>Julio 2022: <a href=\"https:\/\/youtu.be\/W3s7jslQ3Ls\" target=\"_blank\" rel=\"noopener\">Evaluar SIN NOTAS<\/a>. Teacher MrSoler (Castellano)<\/li>\n<li>Febrero 2022: <a href=\"http:\/\/Plan Estrat\u00e9gico DIGCOMP. Competencias Digitales del Profesorado\" target=\"_blank\" rel=\"noopener\" data-wplink-url-error=\"true\">Plan Estrat\u00e9gico DIGCOMP. Competencias Digitales del Profesorado<\/a>. Editorial Vicens Vives (Castellano)<\/li>\n<li>Febrero 2022: <a href=\"https:\/\/www.ivoox.com\/34-jaume-feliu-la-rubrica-si-no-audios-mp3_rf_81594983_1.html\" target=\"_blank\" rel=\"noopener\">Caf\u00e9 con Rosa Liarte<\/a>\u00a0(Castellano)<\/li>\n<li>Enero 2022: Podcast Sin notas: <a href=\"https:\/\/www.ivoox.com\/10-eliminar-notas-no-es-causa-sino-audios-mp3_rf_80632291_1.html\" target=\"_blank\" rel=\"noopener\">Eliminar las notas no es la causa sino la consecuencia<\/a>\u00a0(Castellano)<\/li>\n<li>Diciembre 2021: Podcast Sin notas: <a href=\"https:\/\/www.ivoox.com\/09-en-patio-nadie-resuelve-negativo-audios-mp3_rf_79870378_1.html\" target=\"_blank\" rel=\"noopener\">En el patio nadie resuelve con un negativo<\/a>\u00a0(Castellano)<\/li>\n<li>Diciembre 2021: Podcast Sin notas: <a href=\"https:\/\/www.ivoox.com\/08-calificar-instrumentos-vs-calificar-objetivos-audios-mp3_rf_79140272_1.html\" target=\"_blank\" rel=\"noopener\">Calificar instrumentos vs. calificar objetivos<\/a> (Castellano)<\/li>\n<li>Septiembre 2021: Charla Educativa con Ingrid Mosquera. <a href=\"https:\/\/www.youtube.com\/watch?v=SokiHChl1EI\" target=\"_blank\" rel=\"noopener\">Instrumentos de evaluaci\u00f3n<\/a> (Castellano)<\/li>\n<li>Septiembre 2021: Charla Educativa con Ingrid Mosquera. <a href=\"https:\/\/www.youtube.com\/watch?v=SokiHChl1EI\" target=\"_blank\" rel=\"noopener\">Instrumentos de evaluaci\u00f3n<\/a> (Castellano)<\/li>\n<li>Mayo 2021: Entrevista portal Educaci\u00f3 10X. <a href=\"https:\/\/www.youtube.com\/watch?v=4UD25sY8CJ8\" target=\"_blank\" rel=\"noopener\">Avaluaci\u00f3 formativa sense notes. \u00c9s possible?<\/a> (Catal\u00e1n)<\/li>\n<li>Febrero 2021: <a href=\"https:\/\/www.youtube.com\/watch?v=1C792-p83qU\" target=\"_blank\" rel=\"noopener\">C\u00e1tedra Aprender-Ikasi &#8211; UPNA. \u00bfEs posible evaluar a los alumnos sin calificar durante el proceso de aprendizaje?<\/a> (Castellano)<\/li>\n<li>Enero 2021: <a href=\"https:\/\/www.youtube.com\/watch?v=VVTB3XkfDDE\" target=\"_blank\" rel=\"noopener\">mschools: Desdibuixant les parets de l&#8217;aula. Sessi\u00f3 2: El coneixement: d\u2019on i com aprenem?<\/a> (Catal\u00e1n)<\/li>\n<li>Septiembre 2020: <a href=\"https:\/\/www.youtube.com\/watch?v=sKpVSjZr6Lo\" target=\"_blank\" rel=\"noopener noreferrer\">Primer dia de curs 2020-2021, el punt de vista dels centres educatius<\/a> (Catal\u00e1n)<\/li>\n<li>Julio 2020: <a href=\"https:\/\/connecta.danielamo.info\/2020\/07\/cda10-tecnologia-educativa-jaume-feliu-mingo-ciudad-google-una-opcio-mes\/\" target=\"_blank\" rel=\"noopener noreferrer\">Podcast Dani Amo \u00abCDA10 Tecnologia educativa amb Jaume Feliu i Mingo Ciudad: Google, una opci\u00f3 m\u00e9s?\u00bb<\/a> (Catal\u00e1n)<\/li>\n<li>Junio 2020: <a href=\"https:\/\/somprojecte.com\/evaluacion-educativa\/\" target=\"_blank\" rel=\"noopener noreferrer\">Podcast Som Projecte \u00ab70. Evaluaci\u00f3n educativa\u00bb<\/a> (Castellano)<\/li>\n<li>Junio 2020: <a href=\"https:\/\/www.youtube.com\/watch?v=2DOwrjwkJ34\" target=\"_blank\" rel=\"noopener noreferrer\">Transforma digitalment la teva comunitat educativa<\/a> (Catal\u00e1n)<\/li>\n<li>Mayo 202: <a href=\"https:\/\/drive.google.com\/file\/d\/155OXVoQmfIzGHZCMh0MIWvgrEfc8bJ_G\/view\" target=\"_blank\" rel=\"noopener noreferrer\">\u00abPresentaci\u00f3 Tecnocentres\u00bb<\/a> (Catal\u00e1n)<\/li>\n<li>Mayo 2020: <a href=\"https:\/\/www.youtube.com\/watch?v=Y99NyTvSx2U&amp;list=PLTZRUTKXOe1t5zpbj5EYOT2gyVQeLFPUh&amp;index=4&amp;t=0s\" target=\"_blank\" rel=\"noopener noreferrer\">\u00abIV Jornada de Cultura Digital XTCD 2020 &#8211; Confer\u00e8ncia inaugural amb Jaume Feliu\u00bb<\/a> (Catal\u00e1n)<\/li>\n<li>Abril 2020 <a href=\"https:\/\/www.youtube.com\/watch?v=WTl8gLiizIA&amp;list=PLTZRUTKXOe1t5zpbj5EYOT2gyVQeLFPUh&amp;index=3&amp;t=0s\" target=\"_blank\" rel=\"noopener noreferrer\">\u00abEXPERIENCIA EN RED 13 &#8211; \u00a1 MEJORES HERRAMIENTAS Y ESTRATEGIAS DE EVALUACI\u00d3N ONLINE &#8211; AVANZADO\u00bb<\/a> (Castellano)<\/li>\n<li>Abril 2020: <a href=\"https:\/\/www.youtube.com\/watch?v=-pc1vMt8x0U&amp;list=PLTZRUTKXOe1t5zpbj5EYOT2gyVQeLFPUh&amp;index=2&amp;t=0s\" target=\"_blank\" rel=\"noopener noreferrer\">\u00abEXPERIENCIA EN RED 8 &#8211; \u00a1 MEJORES HERRAMIENTAS Y ESTRATEGIAS DE EVALUACI\u00d3N ONLINE &#8211; INICIACI\u00d3N\u00bb<\/a> (Castellano)<\/li>\n<li>Junio 2017: <a href=\"https:\/\/www.youtube.com\/watch?v=2iwPsbYbbE0\" target=\"_blank\" rel=\"noopener noreferrer\">\u00abUtilitzaci\u00f3 de G Suite a l&#8217;aula\u00bb por Jaume Feliu en el IT World Edu 9&#8243;<\/a> (Catal\u00e1n)<\/li>\n<\/ul>\n","protected":false},"excerpt":{"rendered":"<p>A continuaci\u00f3n se pueden encontrar enlaces a seminarios on line, charlas y podcasts donde he participado. Por si algui\u00e9n quiere recuperarlos: Febrero 2023: Di\u00e0leg dins el 1r festival per l&#8217;equitat digital &#8211; Plataformitzaci\u00f3 educativa: les solucions digitals ja formen part&#8230;<\/p>\n","protected":false},"author":1,"featured_media":0,"parent":0,"menu_order":0,"comment_status":"closed","ping_status":"closed","template":"","meta":{"footnotes":""},"class_list":["post-4209","page","type-page","status-publish","hentry","post-archive"],"yoast_head":"<!-- This site is optimized with the Yoast SEO plugin v27.4 - https:\/\/yoast.com\/product\/yoast-seo-wordpress\/ -->\n<title>Webinars y podcasts - Tecnocentres<\/title>\n<meta name=\"robots\" content=\"index, follow, max-snippet:-1, max-image-preview:large, max-video-preview:-1\" \/>\n<link rel=\"canonical\" href=\"https:\/\/tecnocentres.org\/es\/webinars-y-podcasts\/\" \/>\n<meta property=\"og:locale\" content=\"es_ES\" \/>\n<meta property=\"og:type\" content=\"article\" \/>\n<meta property=\"og:title\" content=\"Webinars y podcasts - Tecnocentres\" \/>\n<meta property=\"og:description\" content=\"A continuaci\u00f3n se pueden encontrar enlaces a seminarios on line, charlas y podcasts donde he participado. Por si algui\u00e9n quiere recuperarlos: Febrero 2023: Di\u00e0leg dins el 1r festival per l&#8217;equitat digital &#8211; Plataformitzaci\u00f3 educativa: les solucions digitals ja formen part...\" \/>\n<meta property=\"og:url\" content=\"https:\/\/tecnocentres.org\/es\/webinars-y-podcasts\/\" \/>\n<meta property=\"og:site_name\" content=\"Tecnocentres\" \/>\n<meta property=\"article:modified_time\" content=\"2023-02-05T18:11:29+00:00\" \/>\n<meta name=\"twitter:card\" content=\"summary_large_image\" \/>\n<meta name=\"twitter:label1\" content=\"Tiempo de lectura\" \/>\n\t<meta name=\"twitter:data1\" content=\"2 minutos\" \/>\n<script type=\"application\/ld+json\" class=\"yoast-schema-graph\">{\"@context\":\"https:\\\/\\\/schema.org\",\"@graph\":[{\"@type\":\"WebPage\",\"@id\":\"https:\\\/\\\/tecnocentres.org\\\/es\\\/webinars-y-podcasts\\\/\",\"url\":\"https:\\\/\\\/tecnocentres.org\\\/es\\\/webinars-y-podcasts\\\/\",\"name\":\"Webinars y podcasts - Tecnocentres\",\"isPartOf\":{\"@id\":\"https:\\\/\\\/tecnocentres.org\\\/es\\\/#website\"},\"datePublished\":\"2020-07-18T11:32:11+00:00\",\"dateModified\":\"2023-02-05T18:11:29+00:00\",\"breadcrumb\":{\"@id\":\"https:\\\/\\\/tecnocentres.org\\\/es\\\/webinars-y-podcasts\\\/#breadcrumb\"},\"inLanguage\":\"es\",\"potentialAction\":[{\"@type\":\"ReadAction\",\"target\":[\"https:\\\/\\\/tecnocentres.org\\\/es\\\/webinars-y-podcasts\\\/\"]}]},{\"@type\":\"BreadcrumbList\",\"@id\":\"https:\\\/\\\/tecnocentres.org\\\/es\\\/webinars-y-podcasts\\\/#breadcrumb\",\"itemListElement\":[{\"@type\":\"ListItem\",\"position\":1,\"name\":\"Inici\",\"item\":\"https:\\\/\\\/tecnocentres.org\\\/es\\\/\"},{\"@type\":\"ListItem\",\"position\":2,\"name\":\"Webinars y podcasts\"}]},{\"@type\":\"WebSite\",\"@id\":\"https:\\\/\\\/tecnocentres.org\\\/es\\\/#website\",\"url\":\"https:\\\/\\\/tecnocentres.org\\\/es\\\/\",\"name\":\"Tecnocentres\",\"description\":\"Blog de Jaume Feliu\",\"potentialAction\":[{\"@type\":\"SearchAction\",\"target\":{\"@type\":\"EntryPoint\",\"urlTemplate\":\"https:\\\/\\\/tecnocentres.org\\\/es\\\/?s={search_term_string}\"},\"query-input\":{\"@type\":\"PropertyValueSpecification\",\"valueRequired\":true,\"valueName\":\"search_term_string\"}}],\"inLanguage\":\"es\"}]}<\/script>\n<!-- \/ Yoast SEO plugin. -->","yoast_head_json":{"title":"Webinars y podcasts - Tecnocentres","robots":{"index":"index","follow":"follow","max-snippet":"max-snippet:-1","max-image-preview":"max-image-preview:large","max-video-preview":"max-video-preview:-1"},"canonical":"https:\/\/tecnocentres.org\/es\/webinars-y-podcasts\/","og_locale":"es_ES","og_type":"article","og_title":"Webinars y podcasts - Tecnocentres","og_description":"A continuaci\u00f3n se pueden encontrar enlaces a seminarios on line, charlas y podcasts donde he participado. Por si algui\u00e9n quiere recuperarlos: Febrero 2023: Di\u00e0leg dins el 1r festival per l&#8217;equitat digital &#8211; Plataformitzaci\u00f3 educativa: les solucions digitals ja formen part...","og_url":"https:\/\/tecnocentres.org\/es\/webinars-y-podcasts\/","og_site_name":"Tecnocentres","article_modified_time":"2023-02-05T18:11:29+00:00","twitter_card":"summary_large_image","twitter_misc":{"Tiempo de lectura":"2 minutos"},"schema":{"@context":"https:\/\/schema.org","@graph":[{"@type":"WebPage","@id":"https:\/\/tecnocentres.org\/es\/webinars-y-podcasts\/","url":"https:\/\/tecnocentres.org\/es\/webinars-y-podcasts\/","name":"Webinars y podcasts - Tecnocentres","isPartOf":{"@id":"https:\/\/tecnocentres.org\/es\/#website"},"datePublished":"2020-07-18T11:32:11+00:00","dateModified":"2023-02-05T18:11:29+00:00","breadcrumb":{"@id":"https:\/\/tecnocentres.org\/es\/webinars-y-podcasts\/#breadcrumb"},"inLanguage":"es","potentialAction":[{"@type":"ReadAction","target":["https:\/\/tecnocentres.org\/es\/webinars-y-podcasts\/"]}]},{"@type":"BreadcrumbList","@id":"https:\/\/tecnocentres.org\/es\/webinars-y-podcasts\/#breadcrumb","itemListElement":[{"@type":"ListItem","position":1,"name":"Inici","item":"https:\/\/tecnocentres.org\/es\/"},{"@type":"ListItem","position":2,"name":"Webinars y podcasts"}]},{"@type":"WebSite","@id":"https:\/\/tecnocentres.org\/es\/#website","url":"https:\/\/tecnocentres.org\/es\/","name":"Tecnocentres","description":"Blog de Jaume Feliu","potentialAction":[{"@type":"SearchAction","target":{"@type":"EntryPoint","urlTemplate":"https:\/\/tecnocentres.org\/es\/?s={search_term_string}"},"query-input":{"@type":"PropertyValueSpecification","valueRequired":true,"valueName":"search_term_string"}}],"inLanguage":"es"}]}},"_links":{"self":[{"href":"https:\/\/tecnocentres.org\/es\/wp-json\/wp\/v2\/pages\/4209","targetHints":{"allow":["GET"]}}],"collection":[{"href":"https:\/\/tecnocentres.org\/es\/wp-json\/wp\/v2\/pages"}],"about":[{"href":"https:\/\/tecnocentres.org\/es\/wp-json\/wp\/v2\/types\/page"}],"author":[{"embeddable":true,"href":"https:\/\/tecnocentres.org\/es\/wp-json\/wp\/v2\/users\/1"}],"replies":[{"embeddable":true,"href":"https:\/\/tecnocentres.org\/es\/wp-json\/wp\/v2\/comments?post=4209"}],"version-history":[{"count":6,"href":"https:\/\/tecnocentres.org\/es\/wp-json\/wp\/v2\/pages\/4209\/revisions"}],"predecessor-version":[{"id":5081,"href":"https:\/\/tecnocentres.org\/es\/wp-json\/wp\/v2\/pages\/4209\/revisions\/5081"}],"wp:attachment":[{"href":"https:\/\/tecnocentres.org\/es\/wp-json\/wp\/v2\/media?parent=4209"}],"curies":[{"name":"wp","href":"https:\/\/api.w.org\/{rel}","templated":true}]}}