{"id":1919,"date":"2017-11-06T19:15:26","date_gmt":"2017-11-06T17:15:26","guid":{"rendered":"https:\/\/tecnocentres.org\/?page_id=1919"},"modified":"2017-11-06T19:41:31","modified_gmt":"2017-11-06T17:41:31","slug":"imexclass","status":"publish","type":"page","link":"https:\/\/tecnocentres.org\/es\/imexclass\/","title":{"rendered":"ImExClass: un complemento para exportar e importar calificaciones entre Classroom y una hoja de c\u00e1lcul"},"content":{"rendered":"<p style=\"text-align: justify;\"><img loading=\"lazy\" decoding=\"async\" class=\"aligncenter size-full wp-image-1928\" src=\"https:\/\/tecnocentres.org\/wp-content\/uploads\/2017\/11\/Logo-ImExClass-120x120.jpg\" alt=\"\" width=\"120\" height=\"120\" \/>ImExClass es un complemento para hojas de c\u00e1lculo de Google que permite dos opciones. Exportar y Importar calificaciones desde una hoja de c\u00e1lculo.<\/p>\n<h3>Exportar calificaciones<\/h3>\n<ul>\n<li style=\"text-align: justify;\">ImExClass permite crear una tarea en Classroom y exportar calificaciones, introduciendo una lista de correos, una nota por cada correo y el t\u00edtulo y la descripci\u00f3n de la tarea.<\/li>\n<\/ul>\n<p>En una hoja hay que tener, en cualquier columna, los mails de los alumnos y las calificaciones que queremos exportar.<\/p>\n<p><img loading=\"lazy\" decoding=\"async\" class=\"aligncenter wp-image-1916\" src=\"https:\/\/tecnocentres.org\/wp-content\/uploads\/2017\/11\/Screenshot-2017-11-06-at-18.11.21.png\" alt=\"\" width=\"395\" height=\"169\" srcset=\"https:\/\/tecnocentres.org\/wp-content\/uploads\/2017\/11\/Screenshot-2017-11-06-at-18.11.21.png 423w, https:\/\/tecnocentres.org\/wp-content\/uploads\/2017\/11\/Screenshot-2017-11-06-at-18.11.21-300x128.png 300w\" sizes=\"auto, (max-width: 395px) 100vw, 395px\" \/><\/p>\n<p style=\"text-align: justify;\">Hay que acceder al men\u00fa del complemento: Complementos \/ ImExClass \/ Abrir ImExClass<\/p>\n<p><img loading=\"lazy\" decoding=\"async\" class=\"aligncenter wp-image-1913\" src=\"https:\/\/tecnocentres.org\/wp-content\/uploads\/2017\/11\/im1.jpg\" alt=\"\" width=\"468\" height=\"326\" srcset=\"https:\/\/tecnocentres.org\/wp-content\/uploads\/2017\/11\/im1.jpg 953w, https:\/\/tecnocentres.org\/wp-content\/uploads\/2017\/11\/im1-300x209.jpg 300w, https:\/\/tecnocentres.org\/wp-content\/uploads\/2017\/11\/im1-768x534.jpg 768w\" sizes=\"auto, (max-width: 468px) 100vw, 468px\" \/><\/p>\n<p style=\"text-align: justify;\">Hay que indicar los par\u00e1metros que se piden, elegir la opci\u00f3n Exportar y hacer clic en Siguiente.<\/p>\n<p><img loading=\"lazy\" decoding=\"async\" class=\"aligncenter wp-image-1917\" src=\"https:\/\/tecnocentres.org\/wp-content\/uploads\/2017\/11\/im3.jpg\" alt=\"\" width=\"474\" height=\"268\" srcset=\"https:\/\/tecnocentres.org\/wp-content\/uploads\/2017\/11\/im3.jpg 562w, https:\/\/tecnocentres.org\/wp-content\/uploads\/2017\/11\/im3-300x170.jpg 300w\" sizes=\"auto, (max-width: 474px) 100vw, 474px\" \/><\/p>\n<p style=\"text-align: justify;\">Ya s\u00f3lo se deber\u00e1 indicar el nombre, la descripci\u00f3n y la puntuaci\u00f3n m\u00e1xima de la tarea y hacer clic en el bot\u00f3n Exportar. El complemento crear\u00e1 una nueva tarea en Classroom y asignar\u00e1 a cada alumno la puntuaci\u00f3n indicada.<\/p>\n<h3>Importar calificaciones<\/h3>\n<ul>\n<li style=\"text-align: justify;\">ImExClass permite importar las calificaciones de una tarea concreta de Google Classroom, introduciendo una lista de correos y seleccionando un curso y una tarea.<\/li>\n<\/ul>\n<p>En la hoja hay que tener, en cualquier columna, los mails de los alumnos y un espacio reservado para las calificaciones.<\/p>\n<p><img loading=\"lazy\" decoding=\"async\" class=\"aligncenter wp-image-1912\" src=\"https:\/\/tecnocentres.org\/wp-content\/uploads\/2017\/11\/Screenshot-2017-11-06-at-17.59.16.png\" alt=\"\" width=\"364\" height=\"164\" srcset=\"https:\/\/tecnocentres.org\/wp-content\/uploads\/2017\/11\/Screenshot-2017-11-06-at-17.59.16.png 435w, https:\/\/tecnocentres.org\/wp-content\/uploads\/2017\/11\/Screenshot-2017-11-06-at-17.59.16-300x135.png 300w\" sizes=\"auto, (max-width: 364px) 100vw, 364px\" \/><\/p>\n<p style=\"text-align: justify;\">Hay que acceder al men\u00fa del complemento: Complementos \/ ImExClass \/ Abrir ImExClass<\/p>\n<p><img loading=\"lazy\" decoding=\"async\" class=\"aligncenter wp-image-1913\" src=\"https:\/\/tecnocentres.org\/wp-content\/uploads\/2017\/11\/im1.jpg\" alt=\"\" width=\"468\" height=\"326\" srcset=\"https:\/\/tecnocentres.org\/wp-content\/uploads\/2017\/11\/im1.jpg 953w, https:\/\/tecnocentres.org\/wp-content\/uploads\/2017\/11\/im1-300x209.jpg 300w, https:\/\/tecnocentres.org\/wp-content\/uploads\/2017\/11\/im1-768x534.jpg 768w\" sizes=\"auto, (max-width: 468px) 100vw, 468px\" \/><\/p>\n<p style=\"text-align: justify;\">Hay que indicar los par\u00e1metros que se piden, elegir la opci\u00f3n Importar y hacer clic en Siguiente.<\/p>\n<p><img loading=\"lazy\" decoding=\"async\" class=\"aligncenter wp-image-1914\" src=\"https:\/\/tecnocentres.org\/wp-content\/uploads\/2017\/11\/im2-e1509988110638.jpg\" alt=\"\" width=\"493\" height=\"229\" srcset=\"https:\/\/tecnocentres.org\/wp-content\/uploads\/2017\/11\/im2-e1509988110638.jpg 627w, https:\/\/tecnocentres.org\/wp-content\/uploads\/2017\/11\/im2-e1509988110638-300x139.jpg 300w\" sizes=\"auto, (max-width: 493px) 100vw, 493px\" \/><\/p>\n<p style=\"text-align: justify;\">Ya s\u00f3lo habr\u00e1 que indicar la tarea de donde hay que importar las calificaciones y hacer clic en Importar en la hoja.<\/p>\n<p>El complemento buscar\u00e1 mail por mail en la tarea y copiar\u00e1 las calificaciones en la columna indicada.<\/p>\n<p><img loading=\"lazy\" decoding=\"async\" class=\"aligncenter wp-image-1915\" src=\"https:\/\/tecnocentres.org\/wp-content\/uploads\/2017\/11\/Screenshot-2017-11-06-at-18.09.59.png\" alt=\"\" width=\"343\" height=\"141\" srcset=\"https:\/\/tecnocentres.org\/wp-content\/uploads\/2017\/11\/Screenshot-2017-11-06-at-18.09.59.png 394w, https:\/\/tecnocentres.org\/wp-content\/uploads\/2017\/11\/Screenshot-2017-11-06-at-18.09.59-300x123.png 300w\" sizes=\"auto, (max-width: 343px) 100vw, 343px\" \/><\/p>\n","protected":false},"excerpt":{"rendered":"<p>ImExClass es un complemento para hojas de c\u00e1lculo de Google que permite dos opciones. Exportar y Importar calificaciones desde una hoja de c\u00e1lculo. Exportar calificaciones ImExClass permite crear una tarea en Classroom y exportar calificaciones, introduciendo una lista de correos,&#8230;<\/p>\n","protected":false},"author":1,"featured_media":0,"parent":0,"menu_order":0,"comment_status":"closed","ping_status":"closed","template":"","meta":{"footnotes":""},"class_list":["post-1919","page","type-page","status-publish","hentry","post-archive"],"yoast_head":"<!-- This site is optimized with the Yoast SEO plugin v27.3 - https:\/\/yoast.com\/product\/yoast-seo-wordpress\/ -->\n<title>ImExClass: un complemento para exportar e importar calificaciones entre Classroom y una hoja de c\u00e1lcul - Tecnocentres<\/title>\n<meta name=\"robots\" content=\"index, follow, max-snippet:-1, max-image-preview:large, max-video-preview:-1\" \/>\n<link rel=\"canonical\" href=\"https:\/\/tecnocentres.org\/es\/imexclass\/\" \/>\n<meta property=\"og:locale\" content=\"es_ES\" \/>\n<meta property=\"og:type\" content=\"article\" \/>\n<meta property=\"og:title\" content=\"ImExClass: un complemento para exportar e importar calificaciones entre Classroom y una hoja de c\u00e1lcul - Tecnocentres\" \/>\n<meta property=\"og:description\" content=\"ImExClass es un complemento para hojas de c\u00e1lculo de Google que permite dos opciones. Exportar y Importar calificaciones desde una hoja de c\u00e1lculo. Exportar calificaciones ImExClass permite crear una tarea en Classroom y exportar calificaciones, introduciendo una lista de correos,...\" \/>\n<meta property=\"og:url\" content=\"https:\/\/tecnocentres.org\/es\/imexclass\/\" \/>\n<meta property=\"og:site_name\" content=\"Tecnocentres\" \/>\n<meta property=\"article:modified_time\" content=\"2017-11-06T17:41:31+00:00\" \/>\n<meta property=\"og:image\" content=\"https:\/\/tecnocentres.org\/wp-content\/uploads\/2017\/11\/Logo-ImExClass-120x120.jpg\" \/>\n<meta name=\"twitter:card\" content=\"summary_large_image\" \/>\n<meta name=\"twitter:label1\" content=\"Tiempo de lectura\" \/>\n\t<meta name=\"twitter:data1\" content=\"1 minuto\" \/>\n<script type=\"application\/ld+json\" class=\"yoast-schema-graph\">{\"@context\":\"https:\\\/\\\/schema.org\",\"@graph\":[{\"@type\":\"WebPage\",\"@id\":\"https:\\\/\\\/tecnocentres.org\\\/es\\\/imexclass\\\/\",\"url\":\"https:\\\/\\\/tecnocentres.org\\\/es\\\/imexclass\\\/\",\"name\":\"ImExClass: un complemento para exportar e importar calificaciones entre Classroom y una hoja de c\u00e1lcul - Tecnocentres\",\"isPartOf\":{\"@id\":\"https:\\\/\\\/tecnocentres.org\\\/es\\\/#website\"},\"primaryImageOfPage\":{\"@id\":\"https:\\\/\\\/tecnocentres.org\\\/es\\\/imexclass\\\/#primaryimage\"},\"image\":{\"@id\":\"https:\\\/\\\/tecnocentres.org\\\/es\\\/imexclass\\\/#primaryimage\"},\"thumbnailUrl\":\"https:\\\/\\\/tecnocentres.org\\\/wp-content\\\/uploads\\\/2017\\\/11\\\/Logo-ImExClass-120x120.jpg\",\"datePublished\":\"2017-11-06T17:15:26+00:00\",\"dateModified\":\"2017-11-06T17:41:31+00:00\",\"breadcrumb\":{\"@id\":\"https:\\\/\\\/tecnocentres.org\\\/es\\\/imexclass\\\/#breadcrumb\"},\"inLanguage\":\"es\",\"potentialAction\":[{\"@type\":\"ReadAction\",\"target\":[\"https:\\\/\\\/tecnocentres.org\\\/es\\\/imexclass\\\/\"]}]},{\"@type\":\"ImageObject\",\"inLanguage\":\"es\",\"@id\":\"https:\\\/\\\/tecnocentres.org\\\/es\\\/imexclass\\\/#primaryimage\",\"url\":\"https:\\\/\\\/tecnocentres.org\\\/wp-content\\\/uploads\\\/2017\\\/11\\\/Logo-ImExClass-120x120.jpg\",\"contentUrl\":\"https:\\\/\\\/tecnocentres.org\\\/wp-content\\\/uploads\\\/2017\\\/11\\\/Logo-ImExClass-120x120.jpg\"},{\"@type\":\"BreadcrumbList\",\"@id\":\"https:\\\/\\\/tecnocentres.org\\\/es\\\/imexclass\\\/#breadcrumb\",\"itemListElement\":[{\"@type\":\"ListItem\",\"position\":1,\"name\":\"Inici\",\"item\":\"https:\\\/\\\/tecnocentres.org\\\/es\\\/\"},{\"@type\":\"ListItem\",\"position\":2,\"name\":\"ImExClass: un complemento para exportar e importar calificaciones entre Classroom y una hoja de c\u00e1lcul\"}]},{\"@type\":\"WebSite\",\"@id\":\"https:\\\/\\\/tecnocentres.org\\\/es\\\/#website\",\"url\":\"https:\\\/\\\/tecnocentres.org\\\/es\\\/\",\"name\":\"Tecnocentres\",\"description\":\"Blog de Jaume Feliu\",\"potentialAction\":[{\"@type\":\"SearchAction\",\"target\":{\"@type\":\"EntryPoint\",\"urlTemplate\":\"https:\\\/\\\/tecnocentres.org\\\/es\\\/?s={search_term_string}\"},\"query-input\":{\"@type\":\"PropertyValueSpecification\",\"valueRequired\":true,\"valueName\":\"search_term_string\"}}],\"inLanguage\":\"es\"}]}<\/script>\n<!-- \/ Yoast SEO plugin. -->","yoast_head_json":{"title":"ImExClass: un complemento para exportar e importar calificaciones entre Classroom y una hoja de c\u00e1lcul - Tecnocentres","robots":{"index":"index","follow":"follow","max-snippet":"max-snippet:-1","max-image-preview":"max-image-preview:large","max-video-preview":"max-video-preview:-1"},"canonical":"https:\/\/tecnocentres.org\/es\/imexclass\/","og_locale":"es_ES","og_type":"article","og_title":"ImExClass: un complemento para exportar e importar calificaciones entre Classroom y una hoja de c\u00e1lcul - Tecnocentres","og_description":"ImExClass es un complemento para hojas de c\u00e1lculo de Google que permite dos opciones. Exportar y Importar calificaciones desde una hoja de c\u00e1lculo. Exportar calificaciones ImExClass permite crear una tarea en Classroom y exportar calificaciones, introduciendo una lista de correos,...","og_url":"https:\/\/tecnocentres.org\/es\/imexclass\/","og_site_name":"Tecnocentres","article_modified_time":"2017-11-06T17:41:31+00:00","og_image":[{"url":"https:\/\/tecnocentres.org\/wp-content\/uploads\/2017\/11\/Logo-ImExClass-120x120.jpg","type":"","width":"","height":""}],"twitter_card":"summary_large_image","twitter_misc":{"Tiempo de lectura":"1 minuto"},"schema":{"@context":"https:\/\/schema.org","@graph":[{"@type":"WebPage","@id":"https:\/\/tecnocentres.org\/es\/imexclass\/","url":"https:\/\/tecnocentres.org\/es\/imexclass\/","name":"ImExClass: un complemento para exportar e importar calificaciones entre Classroom y una hoja de c\u00e1lcul - Tecnocentres","isPartOf":{"@id":"https:\/\/tecnocentres.org\/es\/#website"},"primaryImageOfPage":{"@id":"https:\/\/tecnocentres.org\/es\/imexclass\/#primaryimage"},"image":{"@id":"https:\/\/tecnocentres.org\/es\/imexclass\/#primaryimage"},"thumbnailUrl":"https:\/\/tecnocentres.org\/wp-content\/uploads\/2017\/11\/Logo-ImExClass-120x120.jpg","datePublished":"2017-11-06T17:15:26+00:00","dateModified":"2017-11-06T17:41:31+00:00","breadcrumb":{"@id":"https:\/\/tecnocentres.org\/es\/imexclass\/#breadcrumb"},"inLanguage":"es","potentialAction":[{"@type":"ReadAction","target":["https:\/\/tecnocentres.org\/es\/imexclass\/"]}]},{"@type":"ImageObject","inLanguage":"es","@id":"https:\/\/tecnocentres.org\/es\/imexclass\/#primaryimage","url":"https:\/\/tecnocentres.org\/wp-content\/uploads\/2017\/11\/Logo-ImExClass-120x120.jpg","contentUrl":"https:\/\/tecnocentres.org\/wp-content\/uploads\/2017\/11\/Logo-ImExClass-120x120.jpg"},{"@type":"BreadcrumbList","@id":"https:\/\/tecnocentres.org\/es\/imexclass\/#breadcrumb","itemListElement":[{"@type":"ListItem","position":1,"name":"Inici","item":"https:\/\/tecnocentres.org\/es\/"},{"@type":"ListItem","position":2,"name":"ImExClass: un complemento para exportar e importar calificaciones entre Classroom y una hoja de c\u00e1lcul"}]},{"@type":"WebSite","@id":"https:\/\/tecnocentres.org\/es\/#website","url":"https:\/\/tecnocentres.org\/es\/","name":"Tecnocentres","description":"Blog de Jaume Feliu","potentialAction":[{"@type":"SearchAction","target":{"@type":"EntryPoint","urlTemplate":"https:\/\/tecnocentres.org\/es\/?s={search_term_string}"},"query-input":{"@type":"PropertyValueSpecification","valueRequired":true,"valueName":"search_term_string"}}],"inLanguage":"es"}]}},"_links":{"self":[{"href":"https:\/\/tecnocentres.org\/es\/wp-json\/wp\/v2\/pages\/1919","targetHints":{"allow":["GET"]}}],"collection":[{"href":"https:\/\/tecnocentres.org\/es\/wp-json\/wp\/v2\/pages"}],"about":[{"href":"https:\/\/tecnocentres.org\/es\/wp-json\/wp\/v2\/types\/page"}],"author":[{"embeddable":true,"href":"https:\/\/tecnocentres.org\/es\/wp-json\/wp\/v2\/users\/1"}],"replies":[{"embeddable":true,"href":"https:\/\/tecnocentres.org\/es\/wp-json\/wp\/v2\/comments?post=1919"}],"version-history":[{"count":0,"href":"https:\/\/tecnocentres.org\/es\/wp-json\/wp\/v2\/pages\/1919\/revisions"}],"wp:attachment":[{"href":"https:\/\/tecnocentres.org\/es\/wp-json\/wp\/v2\/media?parent=1919"}],"curies":[{"name":"wp","href":"https:\/\/api.w.org\/{rel}","templated":true}]}}