{"id":1482,"date":"2017-01-29T11:10:11","date_gmt":"2017-01-29T09:10:11","guid":{"rendered":"http:\/\/tecnocentres.org\/plantillas-y-scripts\/"},"modified":"2024-10-11T08:38:26","modified_gmt":"2024-10-11T06:38:26","slug":"plantillas-y-scripts","status":"publish","type":"page","link":"https:\/\/tecnocentres.org\/es\/plantillas-y-scripts\/","title":{"rendered":"Plantillas y scripts"},"content":{"rendered":"<p>En diferentes art\u00edculos de este blog he presentado algunas plantillas y scripts que he ido creando y que comparto con licencia creative commons del tipo atribuci\u00f3n, no comercial y compartir igual.<img loading=\"lazy\" decoding=\"async\" class=\"size-full wp-image-2900 alignnone\" src=\"https:\/\/tecnocentres.org\/wp-content\/uploads\/2017\/01\/by-nc-sa.eu_petit.png\" alt=\"\" width=\"118\" height=\"41\" \/><\/p>\n<p>Las plantillas tienen el c\u00f3digo fuente incorporado (solo hay que elegir la opci\u00f3n Herramientas \/ Editor de scripts).<\/p>\n<p>A continuaci\u00f3n se puede encontrar un enlace a cada uno, a modo de \u00edndice:<\/p>\n<ul>\n<li><a href=\"https:\/\/es.corubrics.org\" target=\"_blank\" rel=\"noopener noreferrer\">CoRubrics<\/a>: complemento para hojas de c\u00e1lculo de Google que permite hacer evaluaci\u00f3n, autoevaluaci\u00f3n y coevaluaci\u00f3n con r\u00fabricas de forma sencilla.<\/li>\n<li><a href=\"https:\/\/tecnocentres.org\/es\/imexclass\/\" target=\"_blank\" rel=\"noopener noreferrer\">ImExClass:<\/a> complemento para hojas de c\u00e1lculo de Google que permite importar y exportar calificaciones entre una hoja de c\u00e1lculo y Google Classroom.<\/li>\n<li><a href=\"https:\/\/sites.google.com\/view\/classmon-ca\/home\">CLASS-MON<\/a>: plantilla de hojas de c\u00e1lculo de Google que ayuda a los profesores a identificar las dificultades de los estudiantes. Est\u00e1 especialmente pensado para el trabajo por proyectos, pero se puede usar tambi\u00e9n en asignaturas con otras metodolog\u00edas.<\/li>\n<li><a href=\"http:\/\/cv.tecnocentres.org\" target=\"_blank\" rel=\"noopener noreferrer\">qViC:<\/a> plantilla con script asociado que permite hacer el seguimiento completo de los alumnos en una asignatura. Desde la planificaci\u00f3n de las sesiones, pasando por la asistencia, la actitud en clase y las incidencias y acabando por la gesti\u00f3n de notas y competencias.<\/li>\n<li><a href=\"https:\/\/tecnocentres.org\/es\/utilizar-hojas-de-calculo-para-crear-grupos-de-trabajo\/\" target=\"_blank\" rel=\"noopener noreferrer\">Plantilla para crear grupos de alumnos<\/a>: es una plantilla de hoja de c\u00e1lculo que, solo con f\u00f3rmulas, permite ir creando grupos de alumnos y ver f\u00e1cilmente los alumnos que ya han coincidido en algunos grupos.<\/li>\n<li><a href=\"http:\/\/tecnocentres.org\/es\/scripts-para-compartir-informes-de-evaluacion-con-las-familias\/\" target=\"_blank\" rel=\"noopener noreferrer\">Plantilla para compartir documentos con alumnas y\/o familias<\/a>: en este art\u00edculo se pueden encontrar 2 plantillas que llevan un script asociado cada una.\n<ul>\n<li><a href=\"https:\/\/docs.google.com\/spreadsheets\/d\/1IgnA1SnbPPkRrHwb4L9fMUUxYE7vC_1BcB9dP22K-qU\/copy\" target=\"_blank\" rel=\"noopener noreferrer\">Plantilla para crear una estructura de carpetas<\/a>, una para cada alumno con diferentes subcarpetas. En una carpeta concreta del Drive se crear\u00e1 una carpeta para cada alumno y se compartir\u00e1 con \u00e9l (y con su familia si se indica). Esta carpeta puede tener dos niveles de subcarpetas. Por ejemplo, una por curso (2017-2018) y un segundo nivel para ordenar los documentos de un curso (por ejemplo: informes de evaluaci\u00f3n, informaciones, informes de proyectos &#8230;)<\/li>\n<li><a href=\"https:\/\/docs.google.com\/spreadsheets\/d\/1MMt90Lk4rKgyossF_I0eE-qs2W9uqQrVpwciCYM4YJ4\/copy\" target=\"_blank\" rel=\"noopener noreferrer\">Plantilla para distribuir archivos<\/a> que est\u00e9n en una carpeta a las carpetas de los alumnos.<\/li>\n<li><a href=\"https:\/\/drive.google.com\/open?id=18aSVBdigay3K1apvTWT2A0T4DeDrn5ZUy5c7HiBhBUc\/copy\" target=\"_blank\" rel=\"noopener noreferrer\">Plantilla para renombrar archivos<\/a> (plantilla en catal\u00e1n) de Drive que est\u00e9n en una misma carpeta. Se indica el nombre actual y el nombre nuevo y el script los renombra todos a la vez.<\/li>\n<\/ul>\n<\/li>\n<li><a style=\"text-align: justify; font-size: 1rem;\" href=\"https:\/\/docs.google.com\/spreadsheets\/d\/1Ox6scQK_3erZcwxpQlb_F2opBhdXZdqZcMfhGhvvAP0\/copy\" target=\"_blank\" rel=\"noopener noreferrer\">Evaluaci\u00f3 por r\u00fabricas (solo profesor)<\/a><span style=\"text-align: justify; font-size: 1rem;\">: es una plantilla que cre\u00f3 <\/span><a style=\"text-align: justify; font-size: 1rem;\" href=\"https:\/\/twitter.com\/alberto_gilsanz\" target=\"_blank\" rel=\"noopener noreferrer\">Alberto GilSanz<\/a><span style=\"text-align: justify; font-size: 1rem;\"> para que un profesor eval\u00fae con una r\u00fabrica un trabajo de los alumnos usando solo una hoja de c\u00e1lculo. Yo le a\u00f1ad\u00ed el script que permite mandar los resultados a los alumnos.<\/span><\/li>\n<li><a href=\"https:\/\/tecnocentres.org\/es\/rubricas-de-un-solo-punto-automatizar-la-comparticion-entre-alumnos\/\">R\u00fabrica de un solo punto:<\/a> es una plantilla que permite definir un archivo plantilla (que servir\u00e1 para evaluar una tarea) y compartirlo autom\u00e1ticamente con dos alumnos, el evaluado y el evaluador.<\/li>\n<\/ul>\n","protected":false},"excerpt":{"rendered":"<p>En diferentes art\u00edculos de este blog he presentado algunas plantillas y scripts que he ido creando y que comparto con licencia creative commons del tipo atribuci\u00f3n, no comercial y compartir igual. Las plantillas tienen el c\u00f3digo fuente incorporado (solo hay&#8230;<\/p>\n","protected":false},"author":1,"featured_media":0,"parent":0,"menu_order":0,"comment_status":"closed","ping_status":"closed","template":"","meta":{"footnotes":""},"class_list":["post-1482","page","type-page","status-publish","hentry","post-archive"],"yoast_head":"<!-- This site is optimized with the Yoast SEO plugin v27.3 - https:\/\/yoast.com\/product\/yoast-seo-wordpress\/ -->\n<title>Plantillas y scripts - Tecnocentres<\/title>\n<meta name=\"robots\" content=\"index, follow, max-snippet:-1, max-image-preview:large, max-video-preview:-1\" \/>\n<link rel=\"canonical\" href=\"https:\/\/tecnocentres.org\/es\/plantillas-y-scripts\/\" \/>\n<meta property=\"og:locale\" content=\"es_ES\" \/>\n<meta property=\"og:type\" content=\"article\" \/>\n<meta property=\"og:title\" content=\"Plantillas y scripts - Tecnocentres\" \/>\n<meta property=\"og:description\" content=\"En diferentes art\u00edculos de este blog he presentado algunas plantillas y scripts que he ido creando y que comparto con licencia creative commons del tipo atribuci\u00f3n, no comercial y compartir igual. Las plantillas tienen el c\u00f3digo fuente incorporado (solo hay...\" \/>\n<meta property=\"og:url\" content=\"https:\/\/tecnocentres.org\/es\/plantillas-y-scripts\/\" \/>\n<meta property=\"og:site_name\" content=\"Tecnocentres\" \/>\n<meta property=\"article:modified_time\" content=\"2024-10-11T06:38:26+00:00\" \/>\n<meta property=\"og:image\" content=\"https:\/\/tecnocentres.org\/wp-content\/uploads\/2017\/01\/by-nc-sa.eu_petit.png\" \/>\n<meta name=\"twitter:card\" content=\"summary_large_image\" \/>\n<meta name=\"twitter:label1\" content=\"Tiempo de lectura\" \/>\n\t<meta name=\"twitter:data1\" content=\"3 minutos\" \/>\n<script type=\"application\/ld+json\" class=\"yoast-schema-graph\">{\"@context\":\"https:\\\/\\\/schema.org\",\"@graph\":[{\"@type\":\"WebPage\",\"@id\":\"https:\\\/\\\/tecnocentres.org\\\/es\\\/plantillas-y-scripts\\\/\",\"url\":\"https:\\\/\\\/tecnocentres.org\\\/es\\\/plantillas-y-scripts\\\/\",\"name\":\"Plantillas y scripts - Tecnocentres\",\"isPartOf\":{\"@id\":\"https:\\\/\\\/tecnocentres.org\\\/es\\\/#website\"},\"primaryImageOfPage\":{\"@id\":\"https:\\\/\\\/tecnocentres.org\\\/es\\\/plantillas-y-scripts\\\/#primaryimage\"},\"image\":{\"@id\":\"https:\\\/\\\/tecnocentres.org\\\/es\\\/plantillas-y-scripts\\\/#primaryimage\"},\"thumbnailUrl\":\"https:\\\/\\\/tecnocentres.org\\\/wp-content\\\/uploads\\\/2017\\\/01\\\/by-nc-sa.eu_petit.png\",\"datePublished\":\"2017-01-29T09:10:11+00:00\",\"dateModified\":\"2024-10-11T06:38:26+00:00\",\"breadcrumb\":{\"@id\":\"https:\\\/\\\/tecnocentres.org\\\/es\\\/plantillas-y-scripts\\\/#breadcrumb\"},\"inLanguage\":\"es\",\"potentialAction\":[{\"@type\":\"ReadAction\",\"target\":[\"https:\\\/\\\/tecnocentres.org\\\/es\\\/plantillas-y-scripts\\\/\"]}]},{\"@type\":\"ImageObject\",\"inLanguage\":\"es\",\"@id\":\"https:\\\/\\\/tecnocentres.org\\\/es\\\/plantillas-y-scripts\\\/#primaryimage\",\"url\":\"https:\\\/\\\/tecnocentres.org\\\/wp-content\\\/uploads\\\/2017\\\/01\\\/by-nc-sa.eu_petit.png\",\"contentUrl\":\"https:\\\/\\\/tecnocentres.org\\\/wp-content\\\/uploads\\\/2017\\\/01\\\/by-nc-sa.eu_petit.png\"},{\"@type\":\"BreadcrumbList\",\"@id\":\"https:\\\/\\\/tecnocentres.org\\\/es\\\/plantillas-y-scripts\\\/#breadcrumb\",\"itemListElement\":[{\"@type\":\"ListItem\",\"position\":1,\"name\":\"Inici\",\"item\":\"https:\\\/\\\/tecnocentres.org\\\/es\\\/\"},{\"@type\":\"ListItem\",\"position\":2,\"name\":\"Plantillas y scripts\"}]},{\"@type\":\"WebSite\",\"@id\":\"https:\\\/\\\/tecnocentres.org\\\/es\\\/#website\",\"url\":\"https:\\\/\\\/tecnocentres.org\\\/es\\\/\",\"name\":\"Tecnocentres\",\"description\":\"Blog de Jaume Feliu\",\"potentialAction\":[{\"@type\":\"SearchAction\",\"target\":{\"@type\":\"EntryPoint\",\"urlTemplate\":\"https:\\\/\\\/tecnocentres.org\\\/es\\\/?s={search_term_string}\"},\"query-input\":{\"@type\":\"PropertyValueSpecification\",\"valueRequired\":true,\"valueName\":\"search_term_string\"}}],\"inLanguage\":\"es\"}]}<\/script>\n<!-- \/ Yoast SEO plugin. -->","yoast_head_json":{"title":"Plantillas y scripts - Tecnocentres","robots":{"index":"index","follow":"follow","max-snippet":"max-snippet:-1","max-image-preview":"max-image-preview:large","max-video-preview":"max-video-preview:-1"},"canonical":"https:\/\/tecnocentres.org\/es\/plantillas-y-scripts\/","og_locale":"es_ES","og_type":"article","og_title":"Plantillas y scripts - Tecnocentres","og_description":"En diferentes art\u00edculos de este blog he presentado algunas plantillas y scripts que he ido creando y que comparto con licencia creative commons del tipo atribuci\u00f3n, no comercial y compartir igual. Las plantillas tienen el c\u00f3digo fuente incorporado (solo hay...","og_url":"https:\/\/tecnocentres.org\/es\/plantillas-y-scripts\/","og_site_name":"Tecnocentres","article_modified_time":"2024-10-11T06:38:26+00:00","og_image":[{"url":"https:\/\/tecnocentres.org\/wp-content\/uploads\/2017\/01\/by-nc-sa.eu_petit.png","type":"","width":"","height":""}],"twitter_card":"summary_large_image","twitter_misc":{"Tiempo de lectura":"3 minutos"},"schema":{"@context":"https:\/\/schema.org","@graph":[{"@type":"WebPage","@id":"https:\/\/tecnocentres.org\/es\/plantillas-y-scripts\/","url":"https:\/\/tecnocentres.org\/es\/plantillas-y-scripts\/","name":"Plantillas y scripts - Tecnocentres","isPartOf":{"@id":"https:\/\/tecnocentres.org\/es\/#website"},"primaryImageOfPage":{"@id":"https:\/\/tecnocentres.org\/es\/plantillas-y-scripts\/#primaryimage"},"image":{"@id":"https:\/\/tecnocentres.org\/es\/plantillas-y-scripts\/#primaryimage"},"thumbnailUrl":"https:\/\/tecnocentres.org\/wp-content\/uploads\/2017\/01\/by-nc-sa.eu_petit.png","datePublished":"2017-01-29T09:10:11+00:00","dateModified":"2024-10-11T06:38:26+00:00","breadcrumb":{"@id":"https:\/\/tecnocentres.org\/es\/plantillas-y-scripts\/#breadcrumb"},"inLanguage":"es","potentialAction":[{"@type":"ReadAction","target":["https:\/\/tecnocentres.org\/es\/plantillas-y-scripts\/"]}]},{"@type":"ImageObject","inLanguage":"es","@id":"https:\/\/tecnocentres.org\/es\/plantillas-y-scripts\/#primaryimage","url":"https:\/\/tecnocentres.org\/wp-content\/uploads\/2017\/01\/by-nc-sa.eu_petit.png","contentUrl":"https:\/\/tecnocentres.org\/wp-content\/uploads\/2017\/01\/by-nc-sa.eu_petit.png"},{"@type":"BreadcrumbList","@id":"https:\/\/tecnocentres.org\/es\/plantillas-y-scripts\/#breadcrumb","itemListElement":[{"@type":"ListItem","position":1,"name":"Inici","item":"https:\/\/tecnocentres.org\/es\/"},{"@type":"ListItem","position":2,"name":"Plantillas y scripts"}]},{"@type":"WebSite","@id":"https:\/\/tecnocentres.org\/es\/#website","url":"https:\/\/tecnocentres.org\/es\/","name":"Tecnocentres","description":"Blog de Jaume Feliu","potentialAction":[{"@type":"SearchAction","target":{"@type":"EntryPoint","urlTemplate":"https:\/\/tecnocentres.org\/es\/?s={search_term_string}"},"query-input":{"@type":"PropertyValueSpecification","valueRequired":true,"valueName":"search_term_string"}}],"inLanguage":"es"}]}},"_links":{"self":[{"href":"https:\/\/tecnocentres.org\/es\/wp-json\/wp\/v2\/pages\/1482","targetHints":{"allow":["GET"]}}],"collection":[{"href":"https:\/\/tecnocentres.org\/es\/wp-json\/wp\/v2\/pages"}],"about":[{"href":"https:\/\/tecnocentres.org\/es\/wp-json\/wp\/v2\/types\/page"}],"author":[{"embeddable":true,"href":"https:\/\/tecnocentres.org\/es\/wp-json\/wp\/v2\/users\/1"}],"replies":[{"embeddable":true,"href":"https:\/\/tecnocentres.org\/es\/wp-json\/wp\/v2\/comments?post=1482"}],"version-history":[{"count":10,"href":"https:\/\/tecnocentres.org\/es\/wp-json\/wp\/v2\/pages\/1482\/revisions"}],"predecessor-version":[{"id":5298,"href":"https:\/\/tecnocentres.org\/es\/wp-json\/wp\/v2\/pages\/1482\/revisions\/5298"}],"wp:attachment":[{"href":"https:\/\/tecnocentres.org\/es\/wp-json\/wp\/v2\/media?parent=1482"}],"curies":[{"name":"wp","href":"https:\/\/api.w.org\/{rel}","templated":true}]}}