{"id":1478,"date":"2013-07-15T13:25:41","date_gmt":"2013-07-15T11:25:41","guid":{"rendered":"http:\/\/tecnocentres.org\/sobre-el-autor\/"},"modified":"2025-01-22T15:32:28","modified_gmt":"2025-01-22T13:32:28","slug":"sobre-el-autor","status":"publish","type":"page","link":"https:\/\/tecnocentres.org\/es\/sobre-el-autor\/","title":{"rendered":"Sobre el autor"},"content":{"rendered":"<div><\/div>\n<div>\n<div style=\"text-align: justify;\">\n<p style=\"text-align: justify;\"><a href=\"https:\/\/tecnocentres.org\/wp-content\/uploads\/2024\/12\/20241214_205002_12_1-150x150.jpg\"><img loading=\"lazy\" decoding=\"async\" class=\"alignleft wp-image-5305 size-thumbnail\" src=\"https:\/\/tecnocentres.org\/wp-content\/uploads\/2024\/12\/20241214_205002_12_1-150x150.jpg\" alt=\"\" width=\"150\" height=\"150\" srcset=\"https:\/\/tecnocentres.org\/wp-content\/uploads\/2024\/12\/20241214_205002_12_1-150x150.jpg 150w, https:\/\/tecnocentres.org\/wp-content\/uploads\/2024\/12\/20241214_205002_12_1-300x300.jpg 300w, https:\/\/tecnocentres.org\/wp-content\/uploads\/2024\/12\/20241214_205002_12_1-250x250.jpg 250w, https:\/\/tecnocentres.org\/wp-content\/uploads\/2024\/12\/20241214_205002_12_1-640x643.jpg 640w, https:\/\/tecnocentres.org\/wp-content\/uploads\/2024\/12\/20241214_205002_12_1.jpg 645w\" sizes=\"auto, (max-width: 150px) 100vw, 150px\" \/><\/a>En mayo de 2013 decid\u00ed crear este blog. En su inicio, era una incertidumbre saber en qu\u00e9 terminar\u00eda, y de hecho, a\u00fan no lo tengo muy claro . Al menos una cosa tengo clara, quiero que el bloque sirva para compartir experiencias e ideas sobre educaci\u00f3n.<br \/>\nBlogs educativos hay un mont\u00f3n y de muy interesantes. En este, encontrar\u00e9is b\u00e1sicamente dos aspectos, que muchas veces se mezclan.<br \/>\nPor un lado, art\u00edculos m\u00e1s pedag\u00f3gicos, sobre evaluaci\u00f3n formativa y aprendizaje basado en proyectos. Por otra, art\u00edculos sobre la utilizaci\u00f3n de la tecnolog\u00eda en los centros educativos, ya sea en cuanto al aprendizaje (lo que se llaman TAC) o en cuanto a la organizaci\u00f3n de centro.<\/p>\n<p style=\"text-align: justify;\"><strong>Eso s\u00ed, todos los art\u00edculos que se encuentran en este blog est\u00e1n basados en mi experiencia real. Si recomiendo aplicaciones, es porque las he probado en el centro y me han funcionado. No encontrar\u00e9is aqu\u00ed recomendaciones de futuras herramientas, sino solo de aquellas que yo haya probado a fondo y est\u00e9 utilizando.<\/strong><\/p>\n<\/div>\n<\/div>\n<div style=\"text-align: justify;\"><\/div>\n","protected":false},"excerpt":{"rendered":"<p>En mayo de 2013 decid\u00ed crear este blog. En su inicio, era una incertidumbre saber en qu\u00e9 terminar\u00eda, y de hecho, a\u00fan no lo tengo muy claro . Al menos una cosa tengo clara, quiero que el bloque sirva para&#8230;<\/p>\n","protected":false},"author":1,"featured_media":0,"parent":0,"menu_order":0,"comment_status":"open","ping_status":"open","template":"","meta":{"footnotes":""},"class_list":["post-1478","page","type-page","status-publish","hentry","post-archive"],"yoast_head":"<!-- This site is optimized with the Yoast SEO plugin v27.4 - https:\/\/yoast.com\/product\/yoast-seo-wordpress\/ -->\n<title>Sobre el autor - Tecnocentres<\/title>\n<meta name=\"description\" content=\"En mayo de 2013 decid\u00ed crear este blog. En su inicio, era una incertidumbre saber en qu\u00e9 terminar\u00eda, y de hecho, aun no lo tengo muy claro . Al menos una cosa tengo clara, quiero que el bloque sirva para compartir experiencias e ideas sobre educaci\u00f3n.\" \/>\n<meta name=\"robots\" content=\"index, follow, max-snippet:-1, max-image-preview:large, max-video-preview:-1\" \/>\n<link rel=\"canonical\" href=\"https:\/\/tecnocentres.org\/es\/sobre-el-autor\/\" \/>\n<meta property=\"og:locale\" content=\"es_ES\" \/>\n<meta property=\"og:type\" content=\"article\" \/>\n<meta property=\"og:title\" content=\"Sobre el autor - Tecnocentres\" \/>\n<meta property=\"og:description\" content=\"En mayo de 2013 decid\u00ed crear este blog. En su inicio, era una incertidumbre saber en qu\u00e9 terminar\u00eda, y de hecho, aun no lo tengo muy claro . Al menos una cosa tengo clara, quiero que el bloque sirva para compartir experiencias e ideas sobre educaci\u00f3n.\" \/>\n<meta property=\"og:url\" content=\"https:\/\/tecnocentres.org\/es\/sobre-el-autor\/\" \/>\n<meta property=\"og:site_name\" content=\"Tecnocentres\" \/>\n<meta property=\"article:modified_time\" content=\"2025-01-22T13:32:28+00:00\" \/>\n<meta property=\"og:image\" content=\"https:\/\/tecnocentres.org\/wp-content\/uploads\/2024\/12\/20241214_205002_12_1.jpg\" \/>\n\t<meta property=\"og:image:width\" content=\"645\" \/>\n\t<meta property=\"og:image:height\" content=\"648\" \/>\n\t<meta property=\"og:image:type\" content=\"image\/jpeg\" \/>\n<meta name=\"twitter:card\" content=\"summary_large_image\" \/>\n<meta name=\"twitter:label1\" content=\"Tiempo de lectura\" \/>\n\t<meta name=\"twitter:data1\" content=\"2 minutos\" \/>\n<script type=\"application\/ld+json\" class=\"yoast-schema-graph\">{\"@context\":\"https:\\\/\\\/schema.org\",\"@graph\":[{\"@type\":\"WebPage\",\"@id\":\"https:\\\/\\\/tecnocentres.org\\\/es\\\/sobre-el-autor\\\/\",\"url\":\"https:\\\/\\\/tecnocentres.org\\\/es\\\/sobre-el-autor\\\/\",\"name\":\"Sobre el autor - Tecnocentres\",\"isPartOf\":{\"@id\":\"https:\\\/\\\/tecnocentres.org\\\/es\\\/#website\"},\"primaryImageOfPage\":{\"@id\":\"https:\\\/\\\/tecnocentres.org\\\/es\\\/sobre-el-autor\\\/#primaryimage\"},\"image\":{\"@id\":\"https:\\\/\\\/tecnocentres.org\\\/es\\\/sobre-el-autor\\\/#primaryimage\"},\"thumbnailUrl\":\"https:\\\/\\\/tecnocentres.org\\\/wp-content\\\/uploads\\\/2024\\\/12\\\/20241214_205002_12_1-150x150.jpg\",\"datePublished\":\"2013-07-15T11:25:41+00:00\",\"dateModified\":\"2025-01-22T13:32:28+00:00\",\"description\":\"En mayo de 2013 decid\u00ed crear este blog. En su inicio, era una incertidumbre saber en qu\u00e9 terminar\u00eda, y de hecho, aun no lo tengo muy claro . Al menos una cosa tengo clara, quiero que el bloque sirva para compartir experiencias e ideas sobre educaci\u00f3n.\",\"breadcrumb\":{\"@id\":\"https:\\\/\\\/tecnocentres.org\\\/es\\\/sobre-el-autor\\\/#breadcrumb\"},\"inLanguage\":\"es\",\"potentialAction\":[{\"@type\":\"ReadAction\",\"target\":[\"https:\\\/\\\/tecnocentres.org\\\/es\\\/sobre-el-autor\\\/\"]}]},{\"@type\":\"ImageObject\",\"inLanguage\":\"es\",\"@id\":\"https:\\\/\\\/tecnocentres.org\\\/es\\\/sobre-el-autor\\\/#primaryimage\",\"url\":\"https:\\\/\\\/tecnocentres.org\\\/wp-content\\\/uploads\\\/2024\\\/12\\\/20241214_205002_12_1-150x150.jpg\",\"contentUrl\":\"https:\\\/\\\/tecnocentres.org\\\/wp-content\\\/uploads\\\/2024\\\/12\\\/20241214_205002_12_1-150x150.jpg\"},{\"@type\":\"BreadcrumbList\",\"@id\":\"https:\\\/\\\/tecnocentres.org\\\/es\\\/sobre-el-autor\\\/#breadcrumb\",\"itemListElement\":[{\"@type\":\"ListItem\",\"position\":1,\"name\":\"Inici\",\"item\":\"https:\\\/\\\/tecnocentres.org\\\/es\\\/\"},{\"@type\":\"ListItem\",\"position\":2,\"name\":\"Sobre el autor\"}]},{\"@type\":\"WebSite\",\"@id\":\"https:\\\/\\\/tecnocentres.org\\\/es\\\/#website\",\"url\":\"https:\\\/\\\/tecnocentres.org\\\/es\\\/\",\"name\":\"Tecnocentres\",\"description\":\"Blog de Jaume Feliu\",\"potentialAction\":[{\"@type\":\"SearchAction\",\"target\":{\"@type\":\"EntryPoint\",\"urlTemplate\":\"https:\\\/\\\/tecnocentres.org\\\/es\\\/?s={search_term_string}\"},\"query-input\":{\"@type\":\"PropertyValueSpecification\",\"valueRequired\":true,\"valueName\":\"search_term_string\"}}],\"inLanguage\":\"es\"}]}<\/script>\n<!-- \/ Yoast SEO plugin. -->","yoast_head_json":{"title":"Sobre el autor - Tecnocentres","description":"En mayo de 2013 decid\u00ed crear este blog. En su inicio, era una incertidumbre saber en qu\u00e9 terminar\u00eda, y de hecho, aun no lo tengo muy claro . Al menos una cosa tengo clara, quiero que el bloque sirva para compartir experiencias e ideas sobre educaci\u00f3n.","robots":{"index":"index","follow":"follow","max-snippet":"max-snippet:-1","max-image-preview":"max-image-preview:large","max-video-preview":"max-video-preview:-1"},"canonical":"https:\/\/tecnocentres.org\/es\/sobre-el-autor\/","og_locale":"es_ES","og_type":"article","og_title":"Sobre el autor - Tecnocentres","og_description":"En mayo de 2013 decid\u00ed crear este blog. En su inicio, era una incertidumbre saber en qu\u00e9 terminar\u00eda, y de hecho, aun no lo tengo muy claro . Al menos una cosa tengo clara, quiero que el bloque sirva para compartir experiencias e ideas sobre educaci\u00f3n.","og_url":"https:\/\/tecnocentres.org\/es\/sobre-el-autor\/","og_site_name":"Tecnocentres","article_modified_time":"2025-01-22T13:32:28+00:00","og_image":[{"width":645,"height":648,"url":"https:\/\/tecnocentres.org\/wp-content\/uploads\/2024\/12\/20241214_205002_12_1.jpg","type":"image\/jpeg"}],"twitter_card":"summary_large_image","twitter_misc":{"Tiempo de lectura":"2 minutos"},"schema":{"@context":"https:\/\/schema.org","@graph":[{"@type":"WebPage","@id":"https:\/\/tecnocentres.org\/es\/sobre-el-autor\/","url":"https:\/\/tecnocentres.org\/es\/sobre-el-autor\/","name":"Sobre el autor - Tecnocentres","isPartOf":{"@id":"https:\/\/tecnocentres.org\/es\/#website"},"primaryImageOfPage":{"@id":"https:\/\/tecnocentres.org\/es\/sobre-el-autor\/#primaryimage"},"image":{"@id":"https:\/\/tecnocentres.org\/es\/sobre-el-autor\/#primaryimage"},"thumbnailUrl":"https:\/\/tecnocentres.org\/wp-content\/uploads\/2024\/12\/20241214_205002_12_1-150x150.jpg","datePublished":"2013-07-15T11:25:41+00:00","dateModified":"2025-01-22T13:32:28+00:00","description":"En mayo de 2013 decid\u00ed crear este blog. En su inicio, era una incertidumbre saber en qu\u00e9 terminar\u00eda, y de hecho, aun no lo tengo muy claro . Al menos una cosa tengo clara, quiero que el bloque sirva para compartir experiencias e ideas sobre educaci\u00f3n.","breadcrumb":{"@id":"https:\/\/tecnocentres.org\/es\/sobre-el-autor\/#breadcrumb"},"inLanguage":"es","potentialAction":[{"@type":"ReadAction","target":["https:\/\/tecnocentres.org\/es\/sobre-el-autor\/"]}]},{"@type":"ImageObject","inLanguage":"es","@id":"https:\/\/tecnocentres.org\/es\/sobre-el-autor\/#primaryimage","url":"https:\/\/tecnocentres.org\/wp-content\/uploads\/2024\/12\/20241214_205002_12_1-150x150.jpg","contentUrl":"https:\/\/tecnocentres.org\/wp-content\/uploads\/2024\/12\/20241214_205002_12_1-150x150.jpg"},{"@type":"BreadcrumbList","@id":"https:\/\/tecnocentres.org\/es\/sobre-el-autor\/#breadcrumb","itemListElement":[{"@type":"ListItem","position":1,"name":"Inici","item":"https:\/\/tecnocentres.org\/es\/"},{"@type":"ListItem","position":2,"name":"Sobre el autor"}]},{"@type":"WebSite","@id":"https:\/\/tecnocentres.org\/es\/#website","url":"https:\/\/tecnocentres.org\/es\/","name":"Tecnocentres","description":"Blog de Jaume Feliu","potentialAction":[{"@type":"SearchAction","target":{"@type":"EntryPoint","urlTemplate":"https:\/\/tecnocentres.org\/es\/?s={search_term_string}"},"query-input":{"@type":"PropertyValueSpecification","valueRequired":true,"valueName":"search_term_string"}}],"inLanguage":"es"}]}},"_links":{"self":[{"href":"https:\/\/tecnocentres.org\/es\/wp-json\/wp\/v2\/pages\/1478","targetHints":{"allow":["GET"]}}],"collection":[{"href":"https:\/\/tecnocentres.org\/es\/wp-json\/wp\/v2\/pages"}],"about":[{"href":"https:\/\/tecnocentres.org\/es\/wp-json\/wp\/v2\/types\/page"}],"author":[{"embeddable":true,"href":"https:\/\/tecnocentres.org\/es\/wp-json\/wp\/v2\/users\/1"}],"replies":[{"embeddable":true,"href":"https:\/\/tecnocentres.org\/es\/wp-json\/wp\/v2\/comments?post=1478"}],"version-history":[{"count":10,"href":"https:\/\/tecnocentres.org\/es\/wp-json\/wp\/v2\/pages\/1478\/revisions"}],"predecessor-version":[{"id":5354,"href":"https:\/\/tecnocentres.org\/es\/wp-json\/wp\/v2\/pages\/1478\/revisions\/5354"}],"wp:attachment":[{"href":"https:\/\/tecnocentres.org\/es\/wp-json\/wp\/v2\/media?parent=1478"}],"curies":[{"name":"wp","href":"https:\/\/api.w.org\/{rel}","templated":true}]}}